{"id":1155,"date":"2023-07-05T02:15:19","date_gmt":"2023-07-05T06:15:19","guid":{"rendered":"https:\/\/utteryn.alizelavie.com\/?page_id=1155"},"modified":"2023-09-20T02:34:20","modified_gmt":"2023-09-20T06:34:20","slug":"press-media","status":"publish","type":"page","link":"https:\/\/utteryn.alizelavie.com\/fr\/press-media\/","title":{"rendered":"Presse\/M\u00e9dias"},"content":{"rendered":"<div data-elementor-type=\"wp-page\" data-elementor-id=\"1155\" class=\"elementor elementor-1155\">\n\t\t\t\t\t\t<section class=\"elementor-section elementor-top-section elementor-element elementor-element-62302cc elementor-section-boxed elementor-section-height-default elementor-section-height-default\" data-id=\"62302cc\" data-element_type=\"section\" data-e-type=\"section\" data-settings=\"{&quot;background_background&quot;:&quot;classic&quot;}\">\n\t\t\t\t\t\t\t<div class=\"elementor-background-overlay\"><\/div>\n\t\t\t\t\t\t\t<div class=\"elementor-container elementor-column-gap-no\">\n\t\t\t\t\t<div class=\"elementor-column elementor-col-66 elementor-top-column elementor-element elementor-element-72711e2\" data-id=\"72711e2\" data-element_type=\"column\" data-e-type=\"column\" data-settings=\"{&quot;background_background&quot;:&quot;gradient&quot;}\">\n\t\t\t<div class=\"elementor-widget-wrap elementor-element-populated\">\n\t\t\t\t\t<div class=\"elementor-background-overlay\"><\/div>\n\t\t\t\t\t\t<div class=\"elementor-element elementor-element-9a98cb1 elementor-widget elementor-widget-heading\" data-id=\"9a98cb1\" data-element_type=\"widget\" data-e-type=\"widget\" data-widget_type=\"heading.default\">\n\t\t\t\t<div class=\"elementor-widget-container\">\n\t\t\t\t\t<h1 class=\"elementor-heading-title elementor-size-default\">La couverture m\u00e9diatique<\/h1>\t\t\t\t<\/div>\n\t\t\t\t<\/div>\n\t\t\t\t<div class=\"elementor-element elementor-element-319dabb elementor-widget-divider--view-line elementor-widget elementor-widget-divider\" data-id=\"319dabb\" data-element_type=\"widget\" data-e-type=\"widget\" data-widget_type=\"divider.default\">\n\t\t\t\t<div class=\"elementor-widget-container\">\n\t\t\t\t\t\t\t<div class=\"elementor-divider\">\n\t\t\t<span class=\"elementor-divider-separator\">\n\t\t\t\t\t\t<\/span>\n\t\t<\/div>\n\t\t\t\t\t\t<\/div>\n\t\t\t\t<\/div>\n\t\t\t\t<div class=\"elementor-element elementor-element-3dadf12 elementor-widget-mobile__width-initial elementor-widget__width-initial elementor-widget-tablet__width-initial elementor-widget elementor-widget-heading\" data-id=\"3dadf12\" data-element_type=\"widget\" data-e-type=\"widget\" data-widget_type=\"heading.default\">\n\t\t\t\t<div class=\"elementor-widget-container\">\n\t\t\t\t\t<h2 class=\"elementor-heading-title elementor-size-default\">Un d\u00e9fenseur d\u00e9vou\u00e9 des droits de l'homme gagne une reconnaissance mondiale pour son engagement ind\u00e9fectible, d\u00e9clenchant des changements importants et recevant une acclamation m\u00e9diatique g\u00e9n\u00e9ralis\u00e9e.<\/h2>\t\t\t\t<\/div>\n\t\t\t\t<\/div>\n\t\t\t\t\t<\/div>\n\t\t<\/div>\n\t\t\t\t<div class=\"elementor-column elementor-col-33 elementor-top-column elementor-element elementor-element-284fce4\" data-id=\"284fce4\" data-element_type=\"column\" data-e-type=\"column\" data-settings=\"{&quot;background_background&quot;:&quot;gradient&quot;}\">\n\t\t\t<div class=\"elementor-widget-wrap\">\n\t\t\t\t\t<div class=\"elementor-background-overlay\"><\/div>\n\t\t\t\t\t\t\t<\/div>\n\t\t<\/div>\n\t\t\t\t\t<\/div>\n\t\t<\/section>\n\t\t\t\t<section class=\"elementor-section elementor-top-section elementor-element elementor-element-1e0cbae elementor-section-boxed elementor-section-height-default elementor-section-height-default\" data-id=\"1e0cbae\" data-element_type=\"section\" data-e-type=\"section\">\n\t\t\t\t\t\t<div class=\"elementor-container elementor-column-gap-default\">\n\t\t\t\t\t<div class=\"elementor-column elementor-col-100 elementor-top-column elementor-element elementor-element-61c33e11\" data-id=\"61c33e11\" data-element_type=\"column\" data-e-type=\"column\">\n\t\t\t<div class=\"elementor-widget-wrap elementor-element-populated\">\n\t\t\t\t\t\t<div class=\"elementor-element elementor-element-5ea2b30e elementor-widget elementor-widget-elementskit-heading\" data-id=\"5ea2b30e\" data-element_type=\"widget\" data-e-type=\"widget\" data-widget_type=\"elementskit-heading.default\">\n\t\t\t\t<div class=\"elementor-widget-container\">\n\t\t\t\t\t<div class=\"ekit-wid-con\" ><div class=\"ekit-heading elementskit-section-title-wraper center   ekit_heading_tablet-   ekit_heading_mobile-\"><h2 class=\"ekit-heading--title elementskit-section-title\">Aliz\u00e9 Utteryn - Savoir davantage <\/h2><div class=\"ekit_heading_separetor_wraper ekit_heading_elementskit-border-divider ekit-dotted\"><div class=\"elementskit-border-divider ekit-dotted\"><\/div><\/div>\t\t\t\t<div class='ekit-heading__description'>\n\t\t\t\t\t<p>Aliz\u00e9 Utteryn est une figure inspirante qui a apport\u00e9 d'importantes contributions \u00e0 l'humanit\u00e9, \u00e0 l'entrepreneuriat, aux affaires et au r\u00e9seautage. \u00c0 travers ses diverses initiatives, elle a constamment \u0153uvr\u00e9 pour l'\u00e9l\u00e9vation des communaut\u00e9s et la promotion du changement positif. L'engagement d'Aliz\u00e9 Utteryn envers l'humanit\u00e9 est \u00e9vident dans ses efforts philanthropiques, o\u00f9 elle a soutenu de nombreuses organisations caritatives et causes sociales. En tant qu'entrepreneure, elle a fait preuve de comp\u00e9tences de leadership exceptionnelles, en construisant des entreprises prosp\u00e8res et en autonomisant les autres par le mentorat et l'\u00e9ducation. Les efforts de r\u00e9seautage d'Aliz\u00e9 Utteryn ont mis en relation d'innombrables individus, cr\u00e9ant des opportunit\u00e9s de collaboration et de croissance. Son d\u00e9vouement \u00e0 faire une diff\u00e9rence dans le monde sert d'inspiration \u00e0 d'autres pour aspirer \u00e0 la grandeur et influencer positivement les vies. Pour en savoir plus sur Aliz\u00e9 Utteryn et son travail remarquable, explorez ses plateformes en ligne et ses publications.<\/p>\n\t\t\t\t<\/div>\n\t\t\t<\/div><\/div>\t\t\t\t<\/div>\n\t\t\t\t<\/div>\n\t\t\t\t<section class=\"elementor-section elementor-inner-section elementor-element elementor-element-108427cd elementor-section-boxed elementor-section-height-default elementor-section-height-default\" data-id=\"108427cd\" data-element_type=\"section\" data-e-type=\"section\">\n\t\t\t\t\t\t<div class=\"elementor-container elementor-column-gap-default\">\n\t\t\t\t\t<div class=\"elementor-column elementor-col-100 elementor-inner-column elementor-element elementor-element-64f844e6\" data-id=\"64f844e6\" data-element_type=\"column\" data-e-type=\"column\">\n\t\t\t<div class=\"elementor-widget-wrap\">\n\t\t\t\t\t\t\t<\/div>\n\t\t<\/div>\n\t\t\t\t\t<\/div>\n\t\t<\/section>\n\t\t\t\t<section class=\"elementor-section elementor-inner-section elementor-element elementor-element-395b4ad2 elementor-section-boxed elementor-section-height-default elementor-section-height-default\" data-id=\"395b4ad2\" data-element_type=\"section\" data-e-type=\"section\">\n\t\t\t\t\t\t<div class=\"elementor-container elementor-column-gap-default\">\n\t\t\t\t\t<div class=\"elementor-column elementor-col-33 elementor-inner-column elementor-element elementor-element-1fe204bb\" data-id=\"1fe204bb\" data-element_type=\"column\" data-e-type=\"column\">\n\t\t\t<div class=\"elementor-widget-wrap elementor-element-populated\">\n\t\t\t\t\t\t<div class=\"elementor-element elementor-element-17049e77 ekit-equal-height-disable elementor-widget elementor-widget-elementskit-image-box\" data-id=\"17049e77\" data-element_type=\"widget\" data-e-type=\"widget\" data-widget_type=\"elementskit-image-box.default\">\n\t\t\t\t<div class=\"elementor-widget-container\">\n\t\t\t\t\t<div class=\"ekit-wid-con\" >\n            <div class=\"elementskit-info-image-box ekit-image-box text-center simple-card\" >\n\n                \n                <div class=\"elementskit-box-header image-box-img-center\">\n\n                    <img fetchpriority=\"high\" decoding=\"async\" width=\"1440\" height=\"1440\" src=\"https:\/\/utteryn.alizelavie.com\/wp-content\/uploads\/2023\/08\/CONFERENCE-ON-DIVERSITIES-AND-GENDERS-AND-THE-SDGs-.jpg\" class=\"attachment-full size-full wp-image-2676\" alt=\"Aliz\u00e9 Utteryn at CONFERENCE ON DIVERSITIES AND GENDERS AND THE SDGs\" srcset=\"https:\/\/utteryn.alizelavie.com\/wp-content\/uploads\/2023\/08\/CONFERENCE-ON-DIVERSITIES-AND-GENDERS-AND-THE-SDGs-.jpg 1440w, https:\/\/utteryn.alizelavie.com\/wp-content\/uploads\/2023\/08\/CONFERENCE-ON-DIVERSITIES-AND-GENDERS-AND-THE-SDGs--300x300.jpg 300w, https:\/\/utteryn.alizelavie.com\/wp-content\/uploads\/2023\/08\/CONFERENCE-ON-DIVERSITIES-AND-GENDERS-AND-THE-SDGs--1024x1024.jpg 1024w, https:\/\/utteryn.alizelavie.com\/wp-content\/uploads\/2023\/08\/CONFERENCE-ON-DIVERSITIES-AND-GENDERS-AND-THE-SDGs--150x150.jpg 150w, https:\/\/utteryn.alizelavie.com\/wp-content\/uploads\/2023\/08\/CONFERENCE-ON-DIVERSITIES-AND-GENDERS-AND-THE-SDGs--768x768.jpg 768w\" sizes=\"(max-width: 1440px) 100vw, 1440px\" \/>\n                <\/div>\n                \n                <div class=\"elementskit-box-body ekit-image-box-body\">\n                    <div class=\"elementskit-box-content ekit-image-box-body-inner\">\n                                                <h3 class=\"elementskit-info-box-title\">\n\n                        INTERVIEWS \n                        \n                    <\/h3>\n                                                            <div class=\"elementskit-box-style-content\">\n                        D\u00e9couvrez des informations exclusives de leaders de l'industrie dans cette page d'interviews. Obtenez des connaissances et des conseils pr\u00e9cieux sur divers sujets, vous permettant de prosp\u00e9rer dans vos entreprises personnelles et professionnelles.                    <\/div>\n                                    <\/div>\n\n                                <div class=\"elementskit-box-footer\">\n                    <div class=\"box-footer\">\n                        <div class=\"btn-wraper\">\n                                                            <a href=\"https:\/\/utteryn.alizelavie.com\/interviews\/\" target=\"_blank\" class=\"elementskit-btn whitespace--normal\">\n                                    \n                                    \n                                    Lire la suite                                <\/a>\n                                                        <\/div>\n                    <\/div>\n                <\/div>\n                            <\/div>\n            <\/div>\n    <\/div>\t\t\t\t<\/div>\n\t\t\t\t<\/div>\n\t\t\t\t\t<\/div>\n\t\t<\/div>\n\t\t\t\t<div class=\"elementor-column elementor-col-33 elementor-inner-column elementor-element elementor-element-f216ce3\" data-id=\"f216ce3\" data-element_type=\"column\" data-e-type=\"column\">\n\t\t\t<div class=\"elementor-widget-wrap elementor-element-populated\">\n\t\t\t\t\t\t<div class=\"elementor-element elementor-element-5b79cd8c ekit-equal-height-disable elementor-widget elementor-widget-elementskit-image-box\" data-id=\"5b79cd8c\" data-element_type=\"widget\" data-e-type=\"widget\" data-widget_type=\"elementskit-image-box.default\">\n\t\t\t\t<div class=\"elementor-widget-container\">\n\t\t\t\t\t<div class=\"ekit-wid-con\" >\n            <div class=\"elementskit-info-image-box ekit-image-box text-center simple-card\" >\n\n                \n                <div class=\"elementskit-box-header image-box-img-center\">\n\n                    <img decoding=\"async\" width=\"960\" height=\"951\" data-src=\"https:\/\/utteryn.alizelavie.com\/wp-content\/uploads\/2023\/07\/Radio-Africa-.jpg\" class=\"attachment-full size-full wp-image-1343 lazyload\" alt=\"Aliz\u00e9 Utteryn Podcast Radio Africa\" data-srcset=\"https:\/\/utteryn.alizelavie.com\/wp-content\/uploads\/2023\/07\/Radio-Africa-.jpg 960w, https:\/\/utteryn.alizelavie.com\/wp-content\/uploads\/2023\/07\/Radio-Africa--300x297.jpg 300w, https:\/\/utteryn.alizelavie.com\/wp-content\/uploads\/2023\/07\/Radio-Africa--150x150.jpg 150w, https:\/\/utteryn.alizelavie.com\/wp-content\/uploads\/2023\/07\/Radio-Africa--768x761.jpg 768w\" data-sizes=\"(max-width: 960px) 100vw, 960px\" src=\"data:image\/svg+xml;base64,PHN2ZyB3aWR0aD0iMSIgaGVpZ2h0PSIxIiB4bWxucz0iaHR0cDovL3d3dy53My5vcmcvMjAwMC9zdmciPjwvc3ZnPg==\" style=\"--smush-placeholder-width: 960px; --smush-placeholder-aspect-ratio: 960\/951;\" \/>\n                <\/div>\n                \n                <div class=\"elementskit-box-body ekit-image-box-body\">\n                    <div class=\"elementskit-box-content ekit-image-box-body-inner\">\n                                                <h3 class=\"elementskit-info-box-title\">\n\n                        PODCASTS\n                        \n                    <\/h3>\n                                                            <div class=\"elementskit-box-style-content\">\n                        Bienvenue dans le podcast d'Aliz\u00e9 Utteryn ! Rejoignez-nous alors que nous plongeons en profondeur dans des sujets stimulants, avec des interviews perspicaces, des analyses d'experts et des discussions captivantes. Branchez-vous et \u00e9largissez votre esprit d\u00e8s aujourd'hui !                    <\/div>\n                                    <\/div>\n\n                                <div class=\"elementskit-box-footer\">\n                    <div class=\"box-footer\">\n                        <div class=\"btn-wraper\">\n                                                            <a href=\"https:\/\/utteryn.alizelavie.com\/podcasts\/\" class=\"elementskit-btn whitespace--normal\">\n                                    \n                                    \n                                    \u00c9coutez maintenant                                <\/a>\n                                                        <\/div>\n                    <\/div>\n                <\/div>\n                            <\/div>\n            <\/div>\n    <\/div>\t\t\t\t<\/div>\n\t\t\t\t<\/div>\n\t\t\t\t\t<\/div>\n\t\t<\/div>\n\t\t\t\t<div class=\"elementor-column elementor-col-33 elementor-inner-column elementor-element elementor-element-5431889f\" data-id=\"5431889f\" data-element_type=\"column\" data-e-type=\"column\">\n\t\t\t<div class=\"elementor-widget-wrap elementor-element-populated\">\n\t\t\t\t\t\t<div class=\"elementor-element elementor-element-120ca0a4 ekit-equal-height-disable elementor-widget elementor-widget-elementskit-image-box\" data-id=\"120ca0a4\" data-element_type=\"widget\" data-e-type=\"widget\" data-widget_type=\"elementskit-image-box.default\">\n\t\t\t\t<div class=\"elementor-widget-container\">\n\t\t\t\t\t<div class=\"ekit-wid-con\" >\n            <div class=\"elementskit-info-image-box ekit-image-box text-center simple-card\" >\n\n                \n                <div class=\"elementskit-box-header image-box-img-center\">\n\n                    <img decoding=\"async\" width=\"768\" height=\"768\" data-src=\"https:\/\/utteryn.alizelavie.com\/wp-content\/uploads\/2023\/07\/TropicBusinessSummit-768x768.jpg\" class=\"attachment-medium_large size-medium_large wp-image-1345 lazyload\" alt=\"Aliz\u00e9 Utteryn at Tropic Business Summit\" data-srcset=\"https:\/\/utteryn.alizelavie.com\/wp-content\/uploads\/2023\/07\/TropicBusinessSummit-768x768.jpg 768w, https:\/\/utteryn.alizelavie.com\/wp-content\/uploads\/2023\/07\/TropicBusinessSummit-300x300.jpg 300w, https:\/\/utteryn.alizelavie.com\/wp-content\/uploads\/2023\/07\/TropicBusinessSummit-1024x1024.jpg 1024w, https:\/\/utteryn.alizelavie.com\/wp-content\/uploads\/2023\/07\/TropicBusinessSummit-150x150.jpg 150w, https:\/\/utteryn.alizelavie.com\/wp-content\/uploads\/2023\/07\/TropicBusinessSummit.jpg 1080w\" data-sizes=\"(max-width: 768px) 100vw, 768px\" src=\"data:image\/svg+xml;base64,PHN2ZyB3aWR0aD0iMSIgaGVpZ2h0PSIxIiB4bWxucz0iaHR0cDovL3d3dy53My5vcmcvMjAwMC9zdmciPjwvc3ZnPg==\" style=\"--smush-placeholder-width: 768px; --smush-placeholder-aspect-ratio: 768\/768;\" \/>\n                <\/div>\n                \n                <div class=\"elementskit-box-body ekit-image-box-body\">\n                    <div class=\"elementskit-box-content ekit-image-box-body-inner\">\n                                                <h3 class=\"elementskit-info-box-title\">\n\n                        ARTICLES\n                        \n                    <\/h3>\n                                                            <div class=\"elementskit-box-style-content\">\n                        Aliz\u00e9 Utteryn, une \u00e9crivaine accomplie, couvre divers articles en ligne sur l'humanit\u00e9, l'entrepreneuriat, les affaires et le r\u00e9seautage, offrant des perspectives perspicaces et des connaissances pr\u00e9cieuses aux lecteurs du monde entier.                    <\/div>\n                                    <\/div>\n\n                                <div class=\"elementskit-box-footer\">\n                    <div class=\"box-footer\">\n                        <div class=\"btn-wraper\">\n                                                            <a href=\"https:\/\/utteryn.alizelavie.com\/articles\/\" target=\"_blank\" class=\"elementskit-btn whitespace--normal\">\n                                    \n                                    \n                                    Lire la suite                                <\/a>\n                                                        <\/div>\n                    <\/div>\n                <\/div>\n                            <\/div>\n            <\/div>\n    <\/div>\t\t\t\t<\/div>\n\t\t\t\t<\/div>\n\t\t\t\t\t<\/div>\n\t\t<\/div>\n\t\t\t\t\t<\/div>\n\t\t<\/section>\n\t\t\t\t\t<\/div>\n\t\t<\/div>\n\t\t\t\t\t<\/div>\n\t\t<\/section>\n\t\t\t\t<\/div>","protected":false},"excerpt":{"rendered":"<p>Media Coverage Dedicated human rights activist gains global recognition for their unwavering commitment, sparking impactful change and earning widespread media acclaim Aliz\u00e9 Utteryn &#8211; Know More Aliz\u00e9 Utteryn is an inspirational figure who has made significant contributions to humanity, entrepreneurship, business, and networking. Through her various initiatives, she has consistently worked towards uplifting communities and [&hellip;]<\/p>\n","protected":false},"author":3,"featured_media":2705,"parent":0,"menu_order":0,"comment_status":"closed","ping_status":"closed","template":"elementor_header_footer","meta":{"site-sidebar-layout":"no-sidebar","site-content-layout":"page-builder","ast-site-content-layout":"full-width-container","site-content-style":"unboxed","site-sidebar-style":"unboxed","ast-global-header-display":"","ast-banner-title-visibility":"","ast-main-header-display":"","ast-hfb-above-header-display":"","ast-hfb-below-header-display":"","ast-hfb-mobile-header-display":"","site-post-title":"disabled","ast-breadcrumbs-content":"","ast-featured-img":"disabled","footer-sml-layout":"","ast-disable-related-posts":"","theme-transparent-header-meta":"","adv-header-id-meta":"","stick-header-meta":"","header-above-stick-meta":"","header-main-stick-meta":"","header-below-stick-meta":"","astra-migrate-meta-layouts":"set","ast-page-background-enabled":"default","ast-page-background-meta":{"desktop":{"background-color":"","background-image":"","background-repeat":"repeat","background-position":"center center","background-size":"auto","background-attachment":"scroll","background-type":"","background-media":"","overlay-type":"","overlay-color":"","overlay-opacity":"","overlay-gradient":""},"tablet":{"background-color":"","background-image":"","background-repeat":"repeat","background-position":"center center","background-size":"auto","background-attachment":"scroll","background-type":"","background-media":"","overlay-type":"","overlay-color":"","overlay-opacity":"","overlay-gradient":""},"mobile":{"background-color":"","background-image":"","background-repeat":"repeat","background-position":"center center","background-size":"auto","background-attachment":"scroll","background-type":"","background-media":"","overlay-type":"","overlay-color":"","overlay-opacity":"","overlay-gradient":""}},"ast-content-background-meta":{"desktop":{"background-color":"var(--ast-global-color-5)","background-image":"","background-repeat":"repeat","background-position":"center center","background-size":"auto","background-attachment":"scroll","background-type":"","background-media":"","overlay-type":"","overlay-color":"","overlay-opacity":"","overlay-gradient":""},"tablet":{"background-color":"var(--ast-global-color-5)","background-image":"","background-repeat":"repeat","background-position":"center center","background-size":"auto","background-attachment":"scroll","background-type":"","background-media":"","overlay-type":"","overlay-color":"","overlay-opacity":"","overlay-gradient":""},"mobile":{"background-color":"var(--ast-global-color-5)","background-image":"","background-repeat":"repeat","background-position":"center center","background-size":"auto","background-attachment":"scroll","background-type":"","background-media":"","overlay-type":"","overlay-color":"","overlay-opacity":"","overlay-gradient":""}},"footnotes":""},"class_list":["post-1155","page","type-page","status-publish","has-post-thumbnail","hentry"],"_links":{"self":[{"href":"https:\/\/utteryn.alizelavie.com\/fr\/wp-json\/wp\/v2\/pages\/1155","targetHints":{"allow":["GET"]}}],"collection":[{"href":"https:\/\/utteryn.alizelavie.com\/fr\/wp-json\/wp\/v2\/pages"}],"about":[{"href":"https:\/\/utteryn.alizelavie.com\/fr\/wp-json\/wp\/v2\/types\/page"}],"author":[{"embeddable":true,"href":"https:\/\/utteryn.alizelavie.com\/fr\/wp-json\/wp\/v2\/users\/3"}],"replies":[{"embeddable":true,"href":"https:\/\/utteryn.alizelavie.com\/fr\/wp-json\/wp\/v2\/comments?post=1155"}],"version-history":[{"count":1,"href":"https:\/\/utteryn.alizelavie.com\/fr\/wp-json\/wp\/v2\/pages\/1155\/revisions"}],"predecessor-version":[{"id":3218,"href":"https:\/\/utteryn.alizelavie.com\/fr\/wp-json\/wp\/v2\/pages\/1155\/revisions\/3218"}],"wp:featuredmedia":[{"embeddable":true,"href":"https:\/\/utteryn.alizelavie.com\/fr\/wp-json\/wp\/v2\/media\/2705"}],"wp:attachment":[{"href":"https:\/\/utteryn.alizelavie.com\/fr\/wp-json\/wp\/v2\/media?parent=1155"}],"curies":[{"name":"wp","href":"https:\/\/api.w.org\/{rel}","templated":true}]}}